{"id":26,"date":"2022-06-22T22:44:18","date_gmt":"2022-06-22T20:44:18","guid":{"rendered":"http:\/\/europeancarbon.eu\/?page_id=26"},"modified":"2025-11-03T00:48:06","modified_gmt":"2025-11-02T23:48:06","slug":"award","status":"publish","type":"page","link":"https:\/\/europeancarbon.eu\/index.php\/award\/","title":{"rendered":"Award"},"content":{"rendered":"\n<h2 class=\"wp-block-heading has-text-align-center\">The ECA Award<\/h2>\n\n\n\n<p style=\"text-align: justify;\"><strong>In 2009, the European Carbon Association (ECA) has created a new award to recognise a significant contribution to the European carbon science community carried-out by a scientist from anywhere in the world, or a remarkable service to the worldwide carbon community carried-out by a scientist from Europe. The ECA Award will be presented at each&nbsp;World Conference on Carbon&nbsp;organized by one of the national carbon groups of the ECA, that is to say, every three years. The award will be made on the recommendation of the ECA Award Committee and seeks to honour &#8216;Remarkable service to carbon science community&#8217; with the recipient holding the respect of their colleagues and &#8216;having been influential and supportive towards others in the pursuit of scientific excellence or having made a significant contribution in providing a strong foundation to the community of carbon scientists and technologists in order to promote a flourishing and healthy environment for scientific achievement&#8217;. The ECA award includes a PRIZE of 1200&nbsp;Euros.<\/strong><\/p>\n\n\n\n<p><\/p>\n\n\n\n<p><strong>ECA Award Definition and Rules<\/strong> (<a href=\"http:\/\/europeancarbon.eu\/wp-content\/uploads\/2025\/01\/ECA-Award-Rules-approved-2025.pdf\" target=\"_blank\" rel=\"noreferrer noopener\">more detailes<\/a>)<\/p>\n\n\n\n<hr class=\"wp-block-separator has-text-color has-cyan-bluish-gray-color has-alpha-channel-opacity has-cyan-bluish-gray-background-color has-background is-style-wide\"\/>\n\n\n\n<h3 class=\"wp-block-heading has-text-align-center\">The ECA Award 2025<\/h3>\n\n\n<div class=\"wp-block-image\">\n<figure class=\"aligncenter size-large\"><img loading=\"lazy\" decoding=\"async\" width=\"1024\" height=\"768\" src=\"https:\/\/europeancarbon.eu\/wp-content\/uploads\/2025\/09\/Chris-and-Diego-1024x768.jpg\" alt=\"\" class=\"wp-image-454\" srcset=\"https:\/\/europeancarbon.eu\/wp-content\/uploads\/2025\/09\/Chris-and-Diego-1024x768.jpg 1024w, https:\/\/europeancarbon.eu\/wp-content\/uploads\/2025\/09\/Chris-and-Diego-300x225.jpg 300w, https:\/\/europeancarbon.eu\/wp-content\/uploads\/2025\/09\/Chris-and-Diego-768x576.jpg 768w, https:\/\/europeancarbon.eu\/wp-content\/uploads\/2025\/09\/Chris-and-Diego-150x113.jpg 150w, https:\/\/europeancarbon.eu\/wp-content\/uploads\/2025\/09\/Chris-and-Diego-200x150.jpg 200w, https:\/\/europeancarbon.eu\/wp-content\/uploads\/2025\/09\/Chris-and-Diego.jpg 1206w\" sizes=\"auto, (max-width: 1024px) 100vw, 1024px\" \/><\/figure>\n<\/div>\n\n\n<p><\/p>\n\n\n\n<div class=\"wp-block-columns is-layout-flex wp-container-core-columns-is-layout-9d6595d7 wp-block-columns-is-layout-flex\">\n<div class=\"wp-block-column is-layout-flow wp-block-column-is-layout-flow\"><div class=\"wp-block-image\">\n<figure class=\"aligncenter size-medium is-resized\"><img loading=\"lazy\" decoding=\"async\" width=\"225\" height=\"300\" src=\"https:\/\/europeancarbon.eu\/wp-content\/uploads\/2025\/09\/Alex-and-Diego-edited-225x300.jpg\" alt=\"\" class=\"wp-image-458\" style=\"width:auto;height:300px\" srcset=\"https:\/\/europeancarbon.eu\/wp-content\/uploads\/2025\/09\/Alex-and-Diego-edited-225x300.jpg 225w, https:\/\/europeancarbon.eu\/wp-content\/uploads\/2025\/09\/Alex-and-Diego-edited-768x1024.jpg 768w, https:\/\/europeancarbon.eu\/wp-content\/uploads\/2025\/09\/Alex-and-Diego-edited-1152x1536.jpg 1152w, https:\/\/europeancarbon.eu\/wp-content\/uploads\/2025\/09\/Alex-and-Diego-edited-1536x2048.jpg 1536w, https:\/\/europeancarbon.eu\/wp-content\/uploads\/2025\/09\/Alex-and-Diego-edited-113x150.jpg 113w, https:\/\/europeancarbon.eu\/wp-content\/uploads\/2025\/09\/Alex-and-Diego-edited-scaled.jpg 1920w\" sizes=\"auto, (max-width: 225px) 100vw, 225px\" \/><\/figure>\n<\/div><\/div>\n\n\n\n<div class=\"wp-block-column is-layout-flow wp-block-column-is-layout-flow\"><div class=\"wp-block-image\">\n<figure class=\"aligncenter size-full is-resized\"><img loading=\"lazy\" decoding=\"async\" width=\"255\" height=\"352\" src=\"http:\/\/europeancarbon.eu\/wp-content\/uploads\/2025\/09\/Alex-and-Chris_edit-1.jpg\" alt=\"\" class=\"wp-image-457\" style=\"width:auto;height:300px\" srcset=\"https:\/\/europeancarbon.eu\/wp-content\/uploads\/2025\/09\/Alex-and-Chris_edit-1.jpg 255w, https:\/\/europeancarbon.eu\/wp-content\/uploads\/2025\/09\/Alex-and-Chris_edit-1-217x300.jpg 217w, https:\/\/europeancarbon.eu\/wp-content\/uploads\/2025\/09\/Alex-and-Chris_edit-1-109x150.jpg 109w\" sizes=\"auto, (max-width: 255px) 100vw, 255px\" \/><\/figure>\n<\/div><\/div>\n<\/div>\n\n\n\n<p><\/p>\n\n\n\n<div class=\"wp-block-columns is-layout-flex wp-container-core-columns-is-layout-9d6595d7 wp-block-columns-is-layout-flex\">\n<div class=\"wp-block-column is-layout-flow wp-block-column-is-layout-flow\">\n<figure class=\"wp-block-image size-large\"><img loading=\"lazy\" decoding=\"async\" width=\"1024\" height=\"771\" src=\"https:\/\/europeancarbon.eu\/wp-content\/uploads\/2025\/09\/Diego-certificate1-1024x771.jpg\" alt=\"\" class=\"wp-image-463\" srcset=\"https:\/\/europeancarbon.eu\/wp-content\/uploads\/2025\/09\/Diego-certificate1-1024x771.jpg 1024w, https:\/\/europeancarbon.eu\/wp-content\/uploads\/2025\/09\/Diego-certificate1-300x226.jpg 300w, https:\/\/europeancarbon.eu\/wp-content\/uploads\/2025\/09\/Diego-certificate1-768x579.jpg 768w, https:\/\/europeancarbon.eu\/wp-content\/uploads\/2025\/09\/Diego-certificate1-150x113.jpg 150w, https:\/\/europeancarbon.eu\/wp-content\/uploads\/2025\/09\/Diego-certificate1-199x150.jpg 199w, https:\/\/europeancarbon.eu\/wp-content\/uploads\/2025\/09\/Diego-certificate1.jpg 1500w\" sizes=\"auto, (max-width: 1024px) 100vw, 1024px\" \/><\/figure>\n<\/div>\n\n\n\n<div class=\"wp-block-column is-layout-flow wp-block-column-is-layout-flow\">\n<figure class=\"wp-block-image size-large\"><img loading=\"lazy\" decoding=\"async\" width=\"1024\" height=\"772\" src=\"https:\/\/europeancarbon.eu\/wp-content\/uploads\/2025\/09\/Chris-certificate1-1024x772.jpg\" alt=\"\" class=\"wp-image-464\" srcset=\"https:\/\/europeancarbon.eu\/wp-content\/uploads\/2025\/09\/Chris-certificate1-1024x772.jpg 1024w, https:\/\/europeancarbon.eu\/wp-content\/uploads\/2025\/09\/Chris-certificate1-300x226.jpg 300w, https:\/\/europeancarbon.eu\/wp-content\/uploads\/2025\/09\/Chris-certificate1-768x579.jpg 768w, https:\/\/europeancarbon.eu\/wp-content\/uploads\/2025\/09\/Chris-certificate1-150x113.jpg 150w, https:\/\/europeancarbon.eu\/wp-content\/uploads\/2025\/09\/Chris-certificate1-199x150.jpg 199w, https:\/\/europeancarbon.eu\/wp-content\/uploads\/2025\/09\/Chris-certificate1.jpg 1500w\" sizes=\"auto, (max-width: 1024px) 100vw, 1024px\" \/><\/figure>\n<\/div>\n<\/div>\n\n\n\n<p><\/p>\n\n\n\n<div class=\"wp-block-columns is-layout-flex wp-container-core-columns-is-layout-9d6595d7 wp-block-columns-is-layout-flex\">\n<div class=\"wp-block-column is-layout-flow wp-block-column-is-layout-flow\">\n<p style=\"text-align: justify;\"><strong><span style=\"font-size: 24px;\">Professor Diego Cazorla-Amor\u00f3s<\/span> is a highly regarded carbon scientist, working in this field since the 1980s, starting at the renowned research group \u201cCarbon Materials and the Environment (CME)\u201d at the University of Alicante. Since then, he has gone on to a be a researcher and invited Professor in France, UK, Netherlands, United States, and Japan. His carbon-related activities have involved strong cooperation with researchers from many European research centres of excellence from France, Germany, Portugal, the Netherlands, Poland, UK, Belgium and Luxembourg. Diego\u2019s research has covered a wide range of applications including, but not limited to, energy and environmental protection, composites, and thin films, heterogeneous catalysis, pollutants removal, synchrotron radiation-based characterization techniques, methane and hydrogen storage sensors and biosensors and computational chemistry.<\/p>\n<p style=\"text-align: justify;\">His service to the European Carbon Community is outstanding, demonstrated through his involvement on conference organizing committees (for example, Carbon 2003 in Oviedo amongst many others). He has given the Plenary Lecturer at many carbon related events, such as the World Carbon Conference 2018, while also serving on scientific committees and as a keynote speaker at numerous carbon-focused conferences.<\/strong><\/p><p style=\"text-align: justify;\"><strong>Professor Cazorla-Amor\u00f3s is an advisor of different European companies such as <em>Mindcaps <\/em>(devoted to producing supercapacitors and lithium-ion batteries) and Qu\u00edmica del Nal\u00f3n, one of Spain&#8217;s most important carbo-chemistry companies. Notably, in the last 10 years he has developed 30 technological development contracts with companies. Diego has been, among others, President of the Spanish Carbon Group (2011-2015) and therefore ECA board member, also vice-president and member of this board team (for ~ 10 years) as well as Editor-in-Chief of the Carbon-Based Materials section of Frontiers in Materials journal.<\/strong><\/p><\/p>\n<\/div>\n<\/div>\n\n\n\n<p style=\"text-align: justify;\"><strong><span style=\"font-size: 24px;\">Professor Chris Ewels <\/span> is a very well-known figure in the European Carbon community, whose research in the field of carbon, graphite and nanoscale defects in carbonaceous materials is very highly regarded. His contribution to the ECA spans over 30 years and, uniquely, Chris works across both the British and the French carbon groups, promoting their meetings and events. Chris has been instrumental in the running of a number of pan-European carbon meetings, through the NanoteC conference series, which, under Chris\u2019s oversight, continues to run successfully year on year and is aimed particularly at promoting the research of young carbon scientists.<\/strong><\/p>\n<p style=\"text-align: justify;\"><strong>As a long-standing member of the British Carbon Group committee (from 2002-2024), Chris made a very significant contribution to enable the delivery of the last European-hosted World Carbon Conference (London 2022). He single-handedly set up and ran the web site and registration system as well as managing the sorting and review of the 300+ abstract submissions received. Chris contributes more widely to the ECA carbon community and its global promotion through his editorship of \u201cCarbon\u201d journal, his research directorship role in CNRS Institute of Materials in Nantes and joint programmes in University of Tokyo.<\/strong><\/p>\n\n\n\n<hr class=\"wp-block-separator has-text-color has-cyan-bluish-gray-color has-alpha-channel-opacity has-cyan-bluish-gray-background-color has-background is-style-wide\"\/>\n\n\n\n<h3 class=\"wp-block-heading has-text-align-center\">The ECA Award 2022<\/h3>\n\n\n\n<div class=\"wp-block-columns is-layout-flex wp-container-core-columns-is-layout-9d6595d7 wp-block-columns-is-layout-flex\">\n<div class=\"wp-block-column is-layout-flow wp-block-column-is-layout-flow\" style=\"flex-basis:100%\">\n<div class=\"wp-block-columns is-layout-flex wp-container-core-columns-is-layout-9d6595d7 wp-block-columns-is-layout-flex\">\n<div class=\"wp-block-column is-layout-flow wp-block-column-is-layout-flow\"><div class=\"wp-block-image\">\n<figure class=\"aligncenter size-large is-resized\"><img loading=\"lazy\" decoding=\"async\" width=\"694\" height=\"1024\" src=\"http:\/\/europeancarbon.eu\/wp-content\/uploads\/2022\/09\/ECAaward10P7070222low-1-694x1024.jpg\" alt=\"\" class=\"wp-image-367\" style=\"width:225px;height:300px\" srcset=\"https:\/\/europeancarbon.eu\/wp-content\/uploads\/2022\/09\/ECAaward10P7070222low-1-694x1024.jpg 694w, https:\/\/europeancarbon.eu\/wp-content\/uploads\/2022\/09\/ECAaward10P7070222low-1-203x300.jpg 203w, https:\/\/europeancarbon.eu\/wp-content\/uploads\/2022\/09\/ECAaward10P7070222low-1-102x150.jpg 102w, https:\/\/europeancarbon.eu\/wp-content\/uploads\/2022\/09\/ECAaward10P7070222low-1.jpg 762w\" sizes=\"auto, (max-width: 694px) 100vw, 694px\" \/><\/figure>\n<\/div><\/div>\n\n\n\n<div class=\"wp-block-column is-layout-flow wp-block-column-is-layout-flow\"><div class=\"wp-block-image\">\n<figure class=\"aligncenter size-large is-resized\"><img loading=\"lazy\" decoding=\"async\" width=\"1024\" height=\"724\" src=\"http:\/\/europeancarbon.eu\/wp-content\/uploads\/2022\/09\/ECAAward-MARC-1-pdf-1024x724.jpg\" alt=\"\" class=\"wp-image-368\" style=\"width:400px;height:307px\"\/><\/figure>\n<\/div><\/div>\n<\/div>\n<\/div>\n<\/div>\n\n\n\n<p style=\"text-align: justify;\"><strong>Marc Monthioux is a generous and enthusiastic scientist from Europe who has relentlessly worked to gather carbon scientists within the academic and industrial worlds, bringing remarkable services to the worldwide carbon community. As a few examples, Marc Monthioux has created the Nanocarbon Network in Toulouse (active since 1999), he was president of the SFEC from 2007 to 2012, during which time he successfully reunited traditional- and nanocarbon communities. He was president of the ECA from 2009 till 2012, and finally, to foster interaction between the different subgroups of the carbon community, Marc Monthioux co-founded the World Carbon Council. He has acted as member of the advisory committee of practically all Carbon conferences since 2005 and as chairman of Carbon 2009 in Biarritz. He has worked tirelessly for the carbon community as an associate editor of Carbon journal from 2003 to 2016, now being a member of its honorary advisory board. Finally, Marc Monthioux holds the respect of his colleagues due to his brilliant scientific career with over 165 articles (4 in the Nature group journals), 5 patents, a h-factor of 40 (Scopus), and 20 articles cited more than 100 times). He has also directed or co-directed 15 PhD candidates.<\/strong><\/p>\n\n\n\n<hr class=\"wp-block-separator has-text-color has-cyan-bluish-gray-color has-alpha-channel-opacity has-cyan-bluish-gray-background-color has-background is-style-wide\"\/>\n\n\n\n<h3 class=\"wp-block-heading has-text-align-center\">The ECA Award 2018<\/h3>\n\n\n\n<div class=\"wp-block-columns are-vertically-aligned-top is-layout-flex wp-container-core-columns-is-layout-9d6595d7 wp-block-columns-is-layout-flex\">\n<div class=\"wp-block-column is-vertically-aligned-top is-layout-flow wp-block-column-is-layout-flow\"><div class=\"wp-block-image\">\n<figure class=\"aligncenter size-large is-resized\"><img loading=\"lazy\" decoding=\"async\" width=\"768\" height=\"1024\" src=\"http:\/\/europeancarbon.eu\/wp-content\/uploads\/2022\/06\/fbeguin1x-768x1024.jpg\" alt=\"\" class=\"wp-image-251\" style=\"width:226px;height:301px\" srcset=\"https:\/\/europeancarbon.eu\/wp-content\/uploads\/2022\/06\/fbeguin1x-768x1023.jpg 768w, https:\/\/europeancarbon.eu\/wp-content\/uploads\/2022\/06\/fbeguin1x-225x300.jpg 225w, https:\/\/europeancarbon.eu\/wp-content\/uploads\/2022\/06\/fbeguin1x-113x150.jpg 113w, https:\/\/europeancarbon.eu\/wp-content\/uploads\/2022\/06\/fbeguin1x.jpg 908w\" sizes=\"auto, (max-width: 768px) 100vw, 768px\" \/><\/figure>\n<\/div><\/div>\n\n\n\n<div class=\"wp-block-column is-vertically-aligned-top is-layout-flow wp-block-column-is-layout-flow\"><div class=\"wp-block-image\">\n<figure class=\"aligncenter size-full\"><img loading=\"lazy\" decoding=\"async\" width=\"415\" height=\"319\" src=\"http:\/\/europeancarbon.eu\/wp-content\/uploads\/2022\/06\/fbeguin2.png\" alt=\"\" class=\"wp-image-252\" srcset=\"https:\/\/europeancarbon.eu\/wp-content\/uploads\/2022\/06\/fbeguin2.png 415w, https:\/\/europeancarbon.eu\/wp-content\/uploads\/2022\/06\/fbeguin2-300x231.png 300w, https:\/\/europeancarbon.eu\/wp-content\/uploads\/2022\/06\/fbeguin2-150x115.png 150w, https:\/\/europeancarbon.eu\/wp-content\/uploads\/2022\/06\/fbeguin2-195x150.png 195w\" sizes=\"auto, (max-width: 415px) 100vw, 415px\" \/><\/figure>\n<\/div><\/div>\n<\/div>\n\n\n\n<p style=\"text-align: justify;\"><strong>Fran\u00e7ois B\u00e9guin was Professor and leader of the Energy &amp; Environment Group at the Orl\u00e9ans University (France) till 2011. Presently he is Professor at the Poznan University of Technology (Poland) supervising the Power Sources Group (http:\/\/powersourcesgroup.put.poznan.pl). He is actively involved in carbon science for more than 40 years. His scientific interests are focused on the development of carbons for applications to energy conversion\/storage and environment protection. The main topics investigated in his research group are electrochemical capacitors, lithium- and sodium-ion batteries and capacitors, electrochemical hydrogen storage, reversible electrosorption of pollutants. He is author of more than 300 articles in peer-reviewed journals, which are cited more than 21 000 times, with Hirsch index h=62. He has been invited as plenary speaker at Carbon 2000 in Berlin and Carbon 2012 in Cracow, and many times as keynote speaker in carbon conferences organized in Europe. He co-edited two books:- Carbons for Electrochemical Energy Storage and Conversion Systems, CRC Taylor&amp;Francis (2010)- Supercapacitors: Materials, Systems and Applications, Wiley-VCH, Weinheim (2013)He is also co-author of many chapters in books dedicated to carbon and\/or energy storage systems.<\/strong><\/p>\n\n\n\n<p style=\"text-align: justify;\">During his research leadership both in France and in Poland, Fran\u00e7ois B\u00e9guin stimulated the scientific collaboration between the two countries. At a wider scale, he hosted a huge number of master students, PhD students and Post Docs from various countries in Europe. He took part in many training schools on carbon science in France, Spain, Poland, Ukraine, Sweden, Italy, Estonia, UK, Belgium.<\/p>\n\n\n\n<p style=\"text-align: justify;\">He was President of the French Carbon Group from 2000 to 2006. He is at the origin of the successful biennial conference CESEP &#8211; Carbons for Energy Storage and Environment Protection. He has been Advisory Board member of carbon conferences in Europe. He was the chairman of many conferences related with carbon, e.g., ISIC 6, ISIC 15, CESEP 2005, CESEP 2011, CESEP 2015, NanoteC 04 and workshops. He is an associate editor of the journal &#8211; Energy Storage Materials.<\/p>\n\n\n\n<hr class=\"wp-block-separator has-text-color has-cyan-bluish-gray-color has-alpha-channel-opacity has-cyan-bluish-gray-background-color has-background is-style-wide\"\/>\n\n\n\n<h3 class=\"wp-block-heading has-text-align-center\">The ECA Award 2015<\/h3>\n\n\n\n<div class=\"wp-block-columns is-layout-flex wp-container-core-columns-is-layout-9d6595d7 wp-block-columns-is-layout-flex\">\n<div class=\"wp-block-column is-layout-flow wp-block-column-is-layout-flow\"><div class=\"wp-block-image\">\n<figure class=\"aligncenter size-full is-resized\"><img loading=\"lazy\" decoding=\"async\" width=\"321\" height=\"214\" src=\"http:\/\/europeancarbon.eu\/wp-content\/uploads\/2022\/06\/ca1.bmp\" alt=\"\" class=\"wp-image-249\" style=\"width:402px;height:268px\" srcset=\"https:\/\/europeancarbon.eu\/wp-content\/uploads\/2022\/06\/ca1.bmp 321w, https:\/\/europeancarbon.eu\/wp-content\/uploads\/2022\/06\/ca1-300x200.jpg 300w, https:\/\/europeancarbon.eu\/wp-content\/uploads\/2022\/06\/ca1-150x100.jpg 150w, https:\/\/europeancarbon.eu\/wp-content\/uploads\/2022\/06\/ca1-225x150.jpg 225w\" sizes=\"auto, (max-width: 321px) 100vw, 321px\" \/><\/figure>\n<\/div><\/div>\n\n\n\n<div class=\"wp-block-column is-vertically-aligned-top is-layout-flow wp-block-column-is-layout-flow\"><div class=\"wp-block-image\">\n<figure class=\"aligncenter size-full is-resized\"><img loading=\"lazy\" decoding=\"async\" width=\"346\" height=\"255\" src=\"http:\/\/europeancarbon.eu\/wp-content\/uploads\/2022\/06\/diploma.bmp\" alt=\"\" class=\"wp-image-250\" style=\"width:370px;height:272px\" srcset=\"https:\/\/europeancarbon.eu\/wp-content\/uploads\/2022\/06\/diploma.bmp 346w, https:\/\/europeancarbon.eu\/wp-content\/uploads\/2022\/06\/diploma-300x221.jpg 300w, https:\/\/europeancarbon.eu\/wp-content\/uploads\/2022\/06\/diploma-150x111.jpg 150w, https:\/\/europeancarbon.eu\/wp-content\/uploads\/2022\/06\/diploma-204x150.jpg 204w\" sizes=\"auto, (max-width: 346px) 100vw, 346px\" \/><\/figure>\n<\/div><\/div>\n<\/div>\n\n\n\n<p class=\"has-text-align-center\"><strong>Maurizio Prato is a Professor of Organic Chemistry at the University of Trieste in Italy. He received the ECA Award 2015 for his work on the functionalization of various nanocarbons. Potential applications are in the field of bio- and nanomedicine, but also applicable for the catalytic decomposition of water.<\/strong><\/p>\n\n\n\n<hr class=\"wp-block-separator has-text-color has-cyan-bluish-gray-color has-alpha-channel-opacity has-cyan-bluish-gray-background-color has-background is-style-wide\"\/>\n\n\n\n<h3 class=\"wp-block-heading has-text-align-center\">The ECA Award 2012<\/h3>\n\n\n\n<div class=\"wp-block-columns is-layout-flex wp-container-core-columns-is-layout-9d6595d7 wp-block-columns-is-layout-flex\">\n<div class=\"wp-block-column is-layout-flow wp-block-column-is-layout-flow\"><div class=\"wp-block-image\">\n<figure class=\"aligncenter size-full\"><img loading=\"lazy\" decoding=\"async\" width=\"562\" height=\"377\" src=\"http:\/\/europeancarbon.eu\/wp-content\/uploads\/2022\/06\/aw2.jpg\" alt=\"\" class=\"wp-image-248\" srcset=\"https:\/\/europeancarbon.eu\/wp-content\/uploads\/2022\/06\/aw2.jpg 562w, https:\/\/europeancarbon.eu\/wp-content\/uploads\/2022\/06\/aw2-300x201.jpg 300w, https:\/\/europeancarbon.eu\/wp-content\/uploads\/2022\/06\/aw2-150x101.jpg 150w, https:\/\/europeancarbon.eu\/wp-content\/uploads\/2022\/06\/aw2-224x150.jpg 224w\" sizes=\"auto, (max-width: 562px) 100vw, 562px\" \/><\/figure>\n<\/div><\/div>\n\n\n\n<div class=\"wp-block-column is-layout-flow wp-block-column-is-layout-flow\"><div class=\"wp-block-image\">\n<figure class=\"aligncenter size-full is-resized\"><img loading=\"lazy\" decoding=\"async\" width=\"655\" height=\"481\" src=\"http:\/\/europeancarbon.eu\/wp-content\/uploads\/2022\/06\/aw1.jpg\" alt=\"\" class=\"wp-image-247\" style=\"width:370px;height:272px\" srcset=\"https:\/\/europeancarbon.eu\/wp-content\/uploads\/2022\/06\/aw1.jpg 655w, https:\/\/europeancarbon.eu\/wp-content\/uploads\/2022\/06\/aw1-300x220.jpg 300w, https:\/\/europeancarbon.eu\/wp-content\/uploads\/2022\/06\/aw1-150x110.jpg 150w, https:\/\/europeancarbon.eu\/wp-content\/uploads\/2022\/06\/aw1-204x150.jpg 204w\" sizes=\"auto, (max-width: 655px) 100vw, 655px\" \/><\/figure>\n<\/div><\/div>\n<\/div>\n\n\n\n<p style=\"text-align: justify;\"><strong><strong>Yury Gogotsi promoted scientific collaboration between the US and Europe through joint research projects and student exchange with researchers in France (U Paul Sabatier, Sorbonne (Paris 7) , Limoges, and CNRS labs), England (Imperial College, Cambridge University, Univ. of Brighton, Univ. Nottingham), Germany (Universities of Karlsruhe, Tuebingen, Bremen, Dresden and Erlangen-Nuremberg), Italy (Univ. Padova and Rome), Sweden (Linkoping Univ.). Results of this collaborative research were published in dozens of paper in peer-reviewed journals ranging from Science and Nature family journals to CARBON. Some of those papers have had a major impact on the development of the capacitive energy storage field. He has contributed to teaching European students by lecturing as Visiting Professor at Univ. Limoges and Paul Sabatier University, France, as well as giving numerous seminars in European countries.<\/strong><\/p>\n\n\n\n<p style=\"text-align: justify;\">He has been supportive towards the future generation of European scientists by initiating student exchange\/visit programs with Ukraine (National Technical Universities &#8211; Kiev Polytechnic) and Russia (Moscow State University). Hosted students, post-docs and faculty from UK, Germany, France, Switzerland, Turkey and other European countries. One of his German PhD students, Sebastian Osswald, won the prestigious CARBON-Elsevier award for the best PhD thesis on Carbon materials (given once in 3 years). He also helped the Erasmus Mundus Master Program in Materials for Energy (MESC) reach to the US by bringing Drexel University as an official US partner in 2011 (currently 3 MESC students are doing MS thesis research at Drexel). Consulted for Arkema and ABB contributing to development of advanced material technologies in Europe. Invitations to present numerous invited and keynote talks at conferences in Europe, including the World Conference on CARBON, British Carbon Group meetings, Carbon Materials for Energy and other events show that the recipient is highly respected by his European colleagues. He provides service to carbon science community in Europe and worldwide as an editor of CARBON (Elsevier).<\/p>\n\n\n\n<hr class=\"wp-block-separator has-text-color has-cyan-bluish-gray-color has-alpha-channel-opacity has-cyan-bluish-gray-background-color has-background is-style-wide\"\/>\n\n\n\n<h3 class=\"wp-block-heading has-text-align-center\">The ECA Award 2009<\/h3>\n\n\n\n<p class=\"has-text-align-center\"><strong>In 2009, Tony Wickham (here receiving the award from ECA President, Rosa Mendez) was named as the first recipient of the European Carbon Association (ECA) Award for services to Carbon Science.<\/strong><\/p>\n","protected":false},"excerpt":{"rendered":"<p>The ECA Award In 2009, the European Carbon Association (ECA) has created a new award to recognise a significant contribution to the European carbon science community carried-out by a scientist from anywhere in the world, or a remarkable service to the worldwide carbon community carried-out by a scientist from Europe&#8230;. <a class=\"continue-reading-link\" href=\"https:\/\/europeancarbon.eu\/index.php\/award\/\"> Continue reading <span class=\"meta-nav\">&rarr; <\/span><\/a><\/p>\n","protected":false},"author":1,"featured_media":0,"parent":0,"menu_order":0,"comment_status":"closed","ping_status":"closed","template":"","meta":{"footnotes":""},"class_list":["post-26","page","type-page","status-publish","hentry"],"_links":{"self":[{"href":"https:\/\/europeancarbon.eu\/index.php\/wp-json\/wp\/v2\/pages\/26","targetHints":{"allow":["GET"]}}],"collection":[{"href":"https:\/\/europeancarbon.eu\/index.php\/wp-json\/wp\/v2\/pages"}],"about":[{"href":"https:\/\/europeancarbon.eu\/index.php\/wp-json\/wp\/v2\/types\/page"}],"author":[{"embeddable":true,"href":"https:\/\/europeancarbon.eu\/index.php\/wp-json\/wp\/v2\/users\/1"}],"replies":[{"embeddable":true,"href":"https:\/\/europeancarbon.eu\/index.php\/wp-json\/wp\/v2\/comments?post=26"}],"version-history":[{"count":22,"href":"https:\/\/europeancarbon.eu\/index.php\/wp-json\/wp\/v2\/pages\/26\/revisions"}],"predecessor-version":[{"id":488,"href":"https:\/\/europeancarbon.eu\/index.php\/wp-json\/wp\/v2\/pages\/26\/revisions\/488"}],"wp:attachment":[{"href":"https:\/\/europeancarbon.eu\/index.php\/wp-json\/wp\/v2\/media?parent=26"}],"curies":[{"name":"wp","href":"https:\/\/api.w.org\/{rel}","templated":true}]}}